{"id":111,"date":"2025-11-10T17:27:01","date_gmt":"2025-11-10T17:27:01","guid":{"rendered":"https:\/\/siu2026.pirireis.edu.tr\/?page_id=111"},"modified":"2026-03-13T13:08:02","modified_gmt":"2026-03-13T13:08:02","slug":"special-sessions","status":"publish","type":"page","link":"https:\/\/siu2026.pirireis.edu.tr\/en\/authors\/special-sessions\/","title":{"rendered":"Special Sessions"},"content":{"rendered":"<p>S\u0130U 2025 kapsam\u0131nda, yukar\u0131daki kulvarlara ek olarak a\u015fa\u011f\u0131da s\u0131ralanan \u00f6zel oturumlar kapsam\u0131nda bildiriler kabul edilecektir. \u00d6zel oturumlara bildiri ba\u015fvurusu, Microsoft CMT \u00fczerinden ger\u00e7ekle\u015ftirilecek olup, ba\u015fvuru s\u0131ras\u0131nda ilgili \u00d6zel Oturumun se\u00e7ilmesi gerekmektedir. Ba\u015fvuru kural ve tarihleri, t\u00fcm bildirilerle ayn\u0131 \u015fekilde i\u015fletilecektir. \u00d6zel oturumlara katk\u0131lar\u0131n\u0131z\u0131 bekliyoruz.<\/p>\n<p><strong>\u00d6zel Oturum 1: <\/strong>\u0130nsans\u0131z Ara\u00e7lar ve Uydu Teknolojileri Uygulamalar\u0131<br \/>\n<strong>\u00d6zel Oturum 2: <\/strong>Hesaplamal\u0131 Sosyal Bilimler<\/p>\n","protected":false},"excerpt":{"rendered":"<p>S\u0130U 2025 kapsam\u0131nda, yukar\u0131daki kulvarlara ek olarak a\u015fa\u011f\u0131da s\u0131ralanan \u00f6zel oturumlar kapsam\u0131nda bildiriler kabul edilecektir. \u00d6zel oturumlara bildiri ba\u015fvurusu, Microsoft CMT \u00fczerinden ger\u00e7ekle\u015ftirilecek olup, ba\u015fvuru s\u0131ras\u0131nda ilgili \u00d6zel Oturumun se\u00e7ilmesi gerekmektedir. Ba\u015fvuru kural ve tarihleri, t\u00fcm bildirilerle ayn\u0131 \u015fekilde i\u015fletilecektir. \u00d6zel oturumlara katk\u0131lar\u0131n\u0131z\u0131 bekliyoruz. \u00d6zel Oturum 1: \u0130nsans\u0131z Ara\u00e7lar ve Uydu Teknolojileri Uygulamalar\u0131 \u00d6zel Oturum [&hellip;]<\/p>\n","protected":false},"author":1,"featured_media":0,"parent":90,"menu_order":0,"comment_status":"closed","ping_status":"closed","template":"page-text-with-banner.php","meta":{"_acf_changed":false,"footnotes":""},"class_list":["post-111","page","type-page","status-publish","hentry"],"acf":[],"_links":{"self":[{"href":"https:\/\/siu2026.pirireis.edu.tr\/en\/wp-json\/wp\/v2\/pages\/111","targetHints":{"allow":["GET"]}}],"collection":[{"href":"https:\/\/siu2026.pirireis.edu.tr\/en\/wp-json\/wp\/v2\/pages"}],"about":[{"href":"https:\/\/siu2026.pirireis.edu.tr\/en\/wp-json\/wp\/v2\/types\/page"}],"author":[{"embeddable":true,"href":"https:\/\/siu2026.pirireis.edu.tr\/en\/wp-json\/wp\/v2\/users\/1"}],"replies":[{"embeddable":true,"href":"https:\/\/siu2026.pirireis.edu.tr\/en\/wp-json\/wp\/v2\/comments?post=111"}],"version-history":[{"count":44,"href":"https:\/\/siu2026.pirireis.edu.tr\/en\/wp-json\/wp\/v2\/pages\/111\/revisions"}],"predecessor-version":[{"id":808,"href":"https:\/\/siu2026.pirireis.edu.tr\/en\/wp-json\/wp\/v2\/pages\/111\/revisions\/808"}],"up":[{"embeddable":true,"href":"https:\/\/siu2026.pirireis.edu.tr\/en\/wp-json\/wp\/v2\/pages\/90"}],"wp:attachment":[{"href":"https:\/\/siu2026.pirireis.edu.tr\/en\/wp-json\/wp\/v2\/media?parent=111"}],"curies":[{"name":"wp","href":"https:\/\/api.w.org\/{rel}","templated":true}]}}